{"id":23,"date":"2022-12-19T12:21:41","date_gmt":"2022-12-19T09:21:41","guid":{"rendered":"http:\/\/www.er-kalip.com\/?page_id=23"},"modified":"2023-12-27T18:21:27","modified_gmt":"2023-12-27T15:21:27","slug":"kaliplarimiz","status":"publish","type":"page","link":"https:\/\/www.er-kalip.com\/?page_id=23","title":{"rendered":"Kal\u0131plar\u0131m\u0131z"},"content":{"rendered":"\t\t<div data-elementor-type=\"wp-page\" data-elementor-id=\"23\" class=\"elementor elementor-23\">\n\t\t\t\t\t\t\t\t\t<section class=\"has_eae_slider elementor-section elementor-top-section elementor-element elementor-element-fddd489 elementor-section-stretched elementor-section-boxed elementor-section-height-default elementor-section-height-default\" data-id=\"fddd489\" data-element_type=\"section\" data-settings=\"{&quot;stretch_section&quot;:&quot;section-stretched&quot;,&quot;background_background&quot;:&quot;classic&quot;}\">\n\t\t\t\t\t\t\t<div class=\"elementor-background-overlay\"><\/div>\n\t\t\t\t\t\t\t<div class=\"elementor-container elementor-column-gap-default\">\n\t\t\t\t\t<div class=\"has_eae_slider elementor-column elementor-col-50 elementor-top-column elementor-element elementor-element-86ead0c\" data-id=\"86ead0c\" data-element_type=\"column\">\n\t\t\t<div class=\"elementor-widget-wrap\">\n\t\t\t\t\t\t\t\t\t<\/div>\n\t\t<\/div>\n\t\t\t\t<div class=\"has_eae_slider elementor-column elementor-col-50 elementor-top-column elementor-element elementor-element-deb8a9c\" data-id=\"deb8a9c\" data-element_type=\"column\">\n\t\t\t<div class=\"elementor-widget-wrap elementor-element-populated\">\n\t\t\t\t\t\t\t\t<div class=\"elementor-element elementor-element-53f1abe elementor-widget elementor-widget-heading\" data-id=\"53f1abe\" data-element_type=\"widget\" data-widget_type=\"heading.default\">\n\t\t\t\t<div class=\"elementor-widget-container\">\n\t\t\t<style>\/*! elementor - v3.6.5 - 27-04-2022 *\/\n.elementor-heading-title{padding:0;margin:0;line-height:1}.elementor-widget-heading .elementor-heading-title[class*=elementor-size-]>a{color:inherit;font-size:inherit;line-height:inherit}.elementor-widget-heading .elementor-heading-title.elementor-size-small{font-size:15px}.elementor-widget-heading .elementor-heading-title.elementor-size-medium{font-size:19px}.elementor-widget-heading .elementor-heading-title.elementor-size-large{font-size:29px}.elementor-widget-heading .elementor-heading-title.elementor-size-xl{font-size:39px}.elementor-widget-heading .elementor-heading-title.elementor-size-xxl{font-size:59px}<\/style><h2 class=\"elementor-heading-title elementor-size-default\">Kal\u0131plar\u0131m\u0131z<\/h2>\t\t<\/div>\n\t\t\t\t<\/div>\n\t\t\t\t\t<\/div>\n\t\t<\/div>\n\t\t\t\t\t\t\t<\/div>\n\t\t<\/section>\n\t\t\t\t<section class=\"has_eae_slider elementor-section elementor-top-section elementor-element elementor-element-af260c5 elementor-section-boxed elementor-section-height-default elementor-section-height-default\" data-id=\"af260c5\" data-element_type=\"section\">\n\t\t\t\t\t\t<div class=\"elementor-container elementor-column-gap-default\">\n\t\t\t\t\t<div data-wts-url=\"http:\/\/www.er-kalip.com\/?page_id=372\" data-wts-link=\"yes\" data-wts-new-window=\"\" class=\"has_eae_slider elementor-column elementor-col-33 elementor-top-column elementor-element elementor-element-a0b30b2 ae-link-yes\" data-id=\"a0b30b2\" data-element_type=\"column\" data-settings=\"{&quot;background_background&quot;:&quot;gradient&quot;}\">\n\t\t\t<div class=\"elementor-widget-wrap elementor-element-populated\">\n\t\t\t\t\t<div class=\"elementor-background-overlay\"><\/div>\n\t\t\t\t\t\t\t\t<div class=\"elementor-element elementor-element-d28c10d elementor-widget elementor-widget-heading\" data-id=\"d28c10d\" data-element_type=\"widget\" data-widget_type=\"heading.default\">\n\t\t\t\t<div class=\"elementor-widget-container\">\n\t\t\t<h2 class=\"elementor-heading-title elementor-size-default\">Mutfak Grubu<br> Kal\u0131plar\u0131m\u0131z<\/h2>\t\t<\/div>\n\t\t\t\t<\/div>\n\t\t\t\t<div class=\"elementor-element elementor-element-10d0a42 elementor-widget elementor-widget-heading\" data-id=\"10d0a42\" data-element_type=\"widget\" data-widget_type=\"heading.default\">\n\t\t\t\t<div class=\"elementor-widget-container\">\n\t\t\t<h2 class=\"elementor-heading-title elementor-size-default\">Mutfak grubu kal\u0131plar\u0131m\u0131z\u0131 inceleyebilirsiniz.<\/h2>\t\t<\/div>\n\t\t\t\t<\/div>\n\t\t\t\t\t<\/div>\n\t\t<\/div>\n\t\t\t\t<div data-wts-url=\"http:\/\/www.er-kalip.com\/?page_id=576\" data-wts-link=\"yes\" data-wts-new-window=\"\" class=\"has_eae_slider elementor-column elementor-col-33 elementor-top-column elementor-element elementor-element-3edcc56 ae-link-yes\" data-id=\"3edcc56\" data-element_type=\"column\" data-settings=\"{&quot;background_background&quot;:&quot;gradient&quot;}\">\n\t\t\t<div class=\"elementor-widget-wrap elementor-element-populated\">\n\t\t\t\t\t<div class=\"elementor-background-overlay\"><\/div>\n\t\t\t\t\t\t\t\t<div class=\"elementor-element elementor-element-b2ddd5f elementor-widget elementor-widget-heading\" data-id=\"b2ddd5f\" data-element_type=\"widget\" data-widget_type=\"heading.default\">\n\t\t\t\t<div class=\"elementor-widget-container\">\n\t\t\t<h2 class=\"elementor-heading-title elementor-size-default\">Temizlik Grubu<br> Kal\u0131plar\u0131m\u0131z<\/h2>\t\t<\/div>\n\t\t\t\t<\/div>\n\t\t\t\t<div class=\"elementor-element elementor-element-55ba6db elementor-widget elementor-widget-heading\" data-id=\"55ba6db\" data-element_type=\"widget\" data-widget_type=\"heading.default\">\n\t\t\t\t<div class=\"elementor-widget-container\">\n\t\t\t<h2 class=\"elementor-heading-title elementor-size-default\">Temizlik grubu kal\u0131plar\u0131m\u0131z\u0131 inceleyebilirsiniz.<\/h2>\t\t<\/div>\n\t\t\t\t<\/div>\n\t\t\t\t\t<\/div>\n\t\t<\/div>\n\t\t\t\t<div data-wts-url=\"http:\/\/www.er-kalip.com\/?page_id=581\" data-wts-link=\"yes\" data-wts-new-window=\"\" class=\"has_eae_slider elementor-column elementor-col-33 elementor-top-column elementor-element elementor-element-18bb9e7 ae-link-yes\" data-id=\"18bb9e7\" data-element_type=\"column\" data-settings=\"{&quot;background_background&quot;:&quot;gradient&quot;}\">\n\t\t\t<div class=\"elementor-widget-wrap elementor-element-populated\">\n\t\t\t\t\t<div class=\"elementor-background-overlay\"><\/div>\n\t\t\t\t\t\t\t\t<div class=\"elementor-element elementor-element-303f755 elementor-widget elementor-widget-heading\" data-id=\"303f755\" data-element_type=\"widget\" data-widget_type=\"heading.default\">\n\t\t\t\t<div class=\"elementor-widget-container\">\n\t\t\t<h2 class=\"elementor-heading-title elementor-size-default\">Tekstil Grubu<br> Kal\u0131plar\u0131m\u0131z<\/h2>\t\t<\/div>\n\t\t\t\t<\/div>\n\t\t\t\t<div class=\"elementor-element elementor-element-20ca9e1 elementor-widget elementor-widget-heading\" data-id=\"20ca9e1\" data-element_type=\"widget\" data-widget_type=\"heading.default\">\n\t\t\t\t<div class=\"elementor-widget-container\">\n\t\t\t<h2 class=\"elementor-heading-title elementor-size-default\">Tekstil grubu kal\u0131plar\u0131m\u0131z\u0131 inceleyebilirsiniz.<\/h2>\t\t<\/div>\n\t\t\t\t<\/div>\n\t\t\t\t\t<\/div>\n\t\t<\/div>\n\t\t\t\t\t\t\t<\/div>\n\t\t<\/section>\n\t\t\t\t<section class=\"has_eae_slider elementor-section elementor-top-section elementor-element elementor-element-0992b41 elementor-section-boxed elementor-section-height-default elementor-section-height-default\" data-id=\"0992b41\" data-element_type=\"section\">\n\t\t\t\t\t\t<div class=\"elementor-container elementor-column-gap-default\">\n\t\t\t\t\t<div data-wts-url=\"http:\/\/www.er-kalip.com\/?page_id=586\" data-wts-link=\"yes\" data-wts-new-window=\"\" class=\"has_eae_slider elementor-column elementor-col-33 elementor-top-column elementor-element elementor-element-ef39617 ae-link-yes\" data-id=\"ef39617\" data-element_type=\"column\" data-settings=\"{&quot;background_background&quot;:&quot;gradient&quot;}\">\n\t\t\t<div class=\"elementor-widget-wrap elementor-element-populated\">\n\t\t\t\t\t<div class=\"elementor-background-overlay\"><\/div>\n\t\t\t\t\t\t\t\t<div class=\"elementor-element elementor-element-3b1687b elementor-widget elementor-widget-heading\" data-id=\"3b1687b\" data-element_type=\"widget\" data-widget_type=\"heading.default\">\n\t\t\t\t<div class=\"elementor-widget-container\">\n\t\t\t<h2 class=\"elementor-heading-title elementor-size-default\">Kozmetik Grubu<br>Kal\u0131plar\u0131m\u0131z<\/h2>\t\t<\/div>\n\t\t\t\t<\/div>\n\t\t\t\t<div class=\"elementor-element elementor-element-44372b2 elementor-widget elementor-widget-heading\" data-id=\"44372b2\" data-element_type=\"widget\" data-widget_type=\"heading.default\">\n\t\t\t\t<div class=\"elementor-widget-container\">\n\t\t\t<h2 class=\"elementor-heading-title elementor-size-default\">Kozmetik grubu kal\u0131plar\u0131m\u0131z\u0131 inceleyebilirsiniz.<\/h2>\t\t<\/div>\n\t\t\t\t<\/div>\n\t\t\t\t\t<\/div>\n\t\t<\/div>\n\t\t\t\t<div data-wts-url=\"http:\/\/www.er-kalip.com\/?page_id=594\" data-wts-link=\"yes\" data-wts-new-window=\"\" class=\"has_eae_slider elementor-column elementor-col-33 elementor-top-column elementor-element elementor-element-320bf69 ae-link-yes\" data-id=\"320bf69\" data-element_type=\"column\" data-settings=\"{&quot;background_background&quot;:&quot;gradient&quot;}\">\n\t\t\t<div class=\"elementor-widget-wrap elementor-element-populated\">\n\t\t\t\t\t<div class=\"elementor-background-overlay\"><\/div>\n\t\t\t\t\t\t\t\t<div class=\"elementor-element elementor-element-61ccb02 elementor-widget elementor-widget-heading\" data-id=\"61ccb02\" data-element_type=\"widget\" data-widget_type=\"heading.default\">\n\t\t\t\t<div class=\"elementor-widget-container\">\n\t\t\t<h2 class=\"elementor-heading-title elementor-size-default\">Yap\u0131 Malzeme Grubu Kal\u0131plar\u0131m\u0131z<\/h2>\t\t<\/div>\n\t\t\t\t<\/div>\n\t\t\t\t<div class=\"elementor-element elementor-element-bbcb19d elementor-widget elementor-widget-heading\" data-id=\"bbcb19d\" data-element_type=\"widget\" data-widget_type=\"heading.default\">\n\t\t\t\t<div class=\"elementor-widget-container\">\n\t\t\t<h2 class=\"elementor-heading-title elementor-size-default\">Yap\u0131 malzeme grubu kal\u0131plar\u0131m\u0131z\u0131 inceleyebilirsiniz.<\/h2>\t\t<\/div>\n\t\t\t\t<\/div>\n\t\t\t\t\t<\/div>\n\t\t<\/div>\n\t\t\t\t<div data-wts-url=\"http:\/\/www.er-kalip.com\/?page_id=599\" data-wts-link=\"yes\" data-wts-new-window=\"\" class=\"has_eae_slider elementor-column elementor-col-33 elementor-top-column elementor-element elementor-element-7fe1b34 ae-link-yes\" data-id=\"7fe1b34\" data-element_type=\"column\" data-settings=\"{&quot;background_background&quot;:&quot;gradient&quot;}\">\n\t\t\t<div class=\"elementor-widget-wrap elementor-element-populated\">\n\t\t\t\t\t<div class=\"elementor-background-overlay\"><\/div>\n\t\t\t\t\t\t\t\t<div class=\"elementor-element elementor-element-1290dba elementor-widget elementor-widget-heading\" data-id=\"1290dba\" data-element_type=\"widget\" data-widget_type=\"heading.default\">\n\t\t\t\t<div class=\"elementor-widget-container\">\n\t\t\t<h2 class=\"elementor-heading-title elementor-size-default\">Di\u011fer<br>Kal\u0131plar\u0131m\u0131z<\/h2>\t\t<\/div>\n\t\t\t\t<\/div>\n\t\t\t\t<div class=\"elementor-element elementor-element-fe09b72 elementor-widget elementor-widget-heading\" data-id=\"fe09b72\" data-element_type=\"widget\" data-widget_type=\"heading.default\">\n\t\t\t\t<div class=\"elementor-widget-container\">\n\t\t\t<h2 class=\"elementor-heading-title elementor-size-default\">Di\u011fer kal\u0131plar\u0131m\u0131z\u0131 inceleyebilirsiniz.<\/h2>\t\t<\/div>\n\t\t\t\t<\/div>\n\t\t\t\t\t<\/div>\n\t\t<\/div>\n\t\t\t\t\t\t\t<\/div>\n\t\t<\/section>\n\t\t\t\t\t\t\t<\/div>\n\t\t","protected":false},"excerpt":{"rendered":"<p>Kal\u0131plar\u0131m\u0131z Mutfak Grubu Kal\u0131plar\u0131m\u0131z Mutfak grubu kal\u0131plar\u0131m\u0131z\u0131 inceleyebilirsiniz. Temizlik Grubu Kal\u0131plar\u0131m\u0131z Temizlik grubu kal\u0131plar\u0131m\u0131z\u0131 inceleyebilirsiniz. Tekstil Grubu Kal\u0131plar\u0131m\u0131z Tekstil grubu kal\u0131plar\u0131m\u0131z\u0131 inceleyebilirsiniz. Kozmetik GrubuKal\u0131plar\u0131m\u0131z Kozmetik grubu kal\u0131plar\u0131m\u0131z\u0131 inceleyebilirsiniz. Yap\u0131 Malzeme Grubu Kal\u0131plar\u0131m\u0131z Yap\u0131 malzeme grubu kal\u0131plar\u0131m\u0131z\u0131 inceleyebilirsiniz. Di\u011ferKal\u0131plar\u0131m\u0131z Di\u011fer kal\u0131plar\u0131m\u0131z\u0131 inceleyebilirsiniz.<\/p>\n","protected":false},"author":1,"featured_media":0,"parent":0,"menu_order":0,"comment_status":"closed","ping_status":"closed","template":"","meta":{"inline_featured_image":false,"footnotes":""},"class_list":["post-23","page","type-page","status-publish"],"yoast_head":"<!-- This site is optimized with the Yoast SEO plugin v20.1 - https:\/\/yoast.com\/wordpress\/plugins\/seo\/ -->\n<title>Kal\u0131plar\u0131m\u0131z - Er-Kal\u0131p<\/title>\n<meta name=\"robots\" content=\"index, follow, max-snippet:-1, max-image-preview:large, max-video-preview:-1\" \/>\n<link rel=\"canonical\" href=\"https:\/\/www.er-kalip.com\/?page_id=23\" \/>\n<meta property=\"og:locale\" content=\"tr_TR\" \/>\n<meta property=\"og:type\" content=\"article\" \/>\n<meta property=\"og:title\" content=\"Kal\u0131plar\u0131m\u0131z - Er-Kal\u0131p\" \/>\n<meta property=\"og:description\" content=\"Kal\u0131plar\u0131m\u0131z Mutfak Grubu Kal\u0131plar\u0131m\u0131z Mutfak grubu kal\u0131plar\u0131m\u0131z\u0131 inceleyebilirsiniz. Temizlik Grubu Kal\u0131plar\u0131m\u0131z Temizlik grubu kal\u0131plar\u0131m\u0131z\u0131 inceleyebilirsiniz. Tekstil Grubu Kal\u0131plar\u0131m\u0131z Tekstil grubu kal\u0131plar\u0131m\u0131z\u0131 inceleyebilirsiniz. Kozmetik GrubuKal\u0131plar\u0131m\u0131z Kozmetik grubu kal\u0131plar\u0131m\u0131z\u0131 inceleyebilirsiniz. Yap\u0131 Malzeme Grubu Kal\u0131plar\u0131m\u0131z Yap\u0131 malzeme grubu kal\u0131plar\u0131m\u0131z\u0131 inceleyebilirsiniz. Di\u011ferKal\u0131plar\u0131m\u0131z Di\u011fer kal\u0131plar\u0131m\u0131z\u0131 inceleyebilirsiniz.\" \/>\n<meta property=\"og:url\" content=\"https:\/\/www.er-kalip.com\/?page_id=23\" \/>\n<meta property=\"og:site_name\" content=\"Er-Kal\u0131p\" \/>\n<meta property=\"article:modified_time\" content=\"2023-12-27T15:21:27+00:00\" \/>\n<meta name=\"twitter:card\" content=\"summary_large_image\" \/>\n<meta name=\"twitter:label1\" content=\"Tahmini okuma s\u00fcresi\" \/>\n\t<meta name=\"twitter:data1\" content=\"1 dakika\" \/>\n<script type=\"application\/ld+json\" class=\"yoast-schema-graph\">{\"@context\":\"https:\/\/schema.org\",\"@graph\":[{\"@type\":\"WebPage\",\"@id\":\"https:\/\/www.er-kalip.com\/?page_id=23\",\"url\":\"https:\/\/www.er-kalip.com\/?page_id=23\",\"name\":\"Kal\u0131plar\u0131m\u0131z - Er-Kal\u0131p\",\"isPartOf\":{\"@id\":\"https:\/\/www.er-kalip.com\/#website\"},\"datePublished\":\"2022-12-19T09:21:41+00:00\",\"dateModified\":\"2023-12-27T15:21:27+00:00\",\"breadcrumb\":{\"@id\":\"https:\/\/www.er-kalip.com\/?page_id=23#breadcrumb\"},\"inLanguage\":\"tr\",\"potentialAction\":[{\"@type\":\"ReadAction\",\"target\":[\"https:\/\/www.er-kalip.com\/?page_id=23\"]}]},{\"@type\":\"BreadcrumbList\",\"@id\":\"https:\/\/www.er-kalip.com\/?page_id=23#breadcrumb\",\"itemListElement\":[{\"@type\":\"ListItem\",\"position\":1,\"name\":\"Anasayfa\",\"item\":\"https:\/\/www.er-kalip.com\/\"},{\"@type\":\"ListItem\",\"position\":2,\"name\":\"Kal\u0131plar\u0131m\u0131z\"}]},{\"@type\":\"WebSite\",\"@id\":\"https:\/\/www.er-kalip.com\/#website\",\"url\":\"https:\/\/www.er-kalip.com\/\",\"name\":\"ERKALIP MAK\u0130NA PLAST\u0130K LTD.\u00a0\u015eT\u0130.\",\"description\":\"\",\"publisher\":{\"@id\":\"https:\/\/www.er-kalip.com\/#organization\"},\"potentialAction\":[{\"@type\":\"SearchAction\",\"target\":{\"@type\":\"EntryPoint\",\"urlTemplate\":\"https:\/\/www.er-kalip.com\/?s={search_term_string}\"},\"query-input\":\"required name=search_term_string\"}],\"inLanguage\":\"tr\"},{\"@type\":\"Organization\",\"@id\":\"https:\/\/www.er-kalip.com\/#organization\",\"name\":\"ERKALIP MAK\u0130NA PLAST\u0130K LTD.\u00a0\u015eT\u0130.\",\"url\":\"https:\/\/www.er-kalip.com\/\",\"logo\":{\"@type\":\"ImageObject\",\"inLanguage\":\"tr\",\"@id\":\"https:\/\/www.er-kalip.com\/#\/schema\/logo\/image\/\",\"url\":\"http:\/\/www.er-kalip.com\/wp-content\/uploads\/2022\/12\/erkalip-logo.svg\",\"contentUrl\":\"http:\/\/www.er-kalip.com\/wp-content\/uploads\/2022\/12\/erkalip-logo.svg\",\"width\":83,\"height\":28,\"caption\":\"ERKALIP MAK\u0130NA PLAST\u0130K LTD.\u00a0\u015eT\u0130.\"},\"image\":{\"@id\":\"https:\/\/www.er-kalip.com\/#\/schema\/logo\/image\/\"},\"sameAs\":[\"https:\/\/www.instagram.com\/erkalip_\/?igshid=YmMyMTA2M2Y\",\"https:\/\/www.youtube.com\/@erkalip\"]}]}<\/script>\n<!-- \/ Yoast SEO plugin. -->","yoast_head_json":{"title":"Kal\u0131plar\u0131m\u0131z - Er-Kal\u0131p","robots":{"index":"index","follow":"follow","max-snippet":"max-snippet:-1","max-image-preview":"max-image-preview:large","max-video-preview":"max-video-preview:-1"},"canonical":"https:\/\/www.er-kalip.com\/?page_id=23","og_locale":"tr_TR","og_type":"article","og_title":"Kal\u0131plar\u0131m\u0131z - Er-Kal\u0131p","og_description":"Kal\u0131plar\u0131m\u0131z Mutfak Grubu Kal\u0131plar\u0131m\u0131z Mutfak grubu kal\u0131plar\u0131m\u0131z\u0131 inceleyebilirsiniz. Temizlik Grubu Kal\u0131plar\u0131m\u0131z Temizlik grubu kal\u0131plar\u0131m\u0131z\u0131 inceleyebilirsiniz. Tekstil Grubu Kal\u0131plar\u0131m\u0131z Tekstil grubu kal\u0131plar\u0131m\u0131z\u0131 inceleyebilirsiniz. Kozmetik GrubuKal\u0131plar\u0131m\u0131z Kozmetik grubu kal\u0131plar\u0131m\u0131z\u0131 inceleyebilirsiniz. Yap\u0131 Malzeme Grubu Kal\u0131plar\u0131m\u0131z Yap\u0131 malzeme grubu kal\u0131plar\u0131m\u0131z\u0131 inceleyebilirsiniz. Di\u011ferKal\u0131plar\u0131m\u0131z Di\u011fer kal\u0131plar\u0131m\u0131z\u0131 inceleyebilirsiniz.","og_url":"https:\/\/www.er-kalip.com\/?page_id=23","og_site_name":"Er-Kal\u0131p","article_modified_time":"2023-12-27T15:21:27+00:00","twitter_card":"summary_large_image","twitter_misc":{"Tahmini okuma s\u00fcresi":"1 dakika"},"schema":{"@context":"https:\/\/schema.org","@graph":[{"@type":"WebPage","@id":"https:\/\/www.er-kalip.com\/?page_id=23","url":"https:\/\/www.er-kalip.com\/?page_id=23","name":"Kal\u0131plar\u0131m\u0131z - Er-Kal\u0131p","isPartOf":{"@id":"https:\/\/www.er-kalip.com\/#website"},"datePublished":"2022-12-19T09:21:41+00:00","dateModified":"2023-12-27T15:21:27+00:00","breadcrumb":{"@id":"https:\/\/www.er-kalip.com\/?page_id=23#breadcrumb"},"inLanguage":"tr","potentialAction":[{"@type":"ReadAction","target":["https:\/\/www.er-kalip.com\/?page_id=23"]}]},{"@type":"BreadcrumbList","@id":"https:\/\/www.er-kalip.com\/?page_id=23#breadcrumb","itemListElement":[{"@type":"ListItem","position":1,"name":"Anasayfa","item":"https:\/\/www.er-kalip.com\/"},{"@type":"ListItem","position":2,"name":"Kal\u0131plar\u0131m\u0131z"}]},{"@type":"WebSite","@id":"https:\/\/www.er-kalip.com\/#website","url":"https:\/\/www.er-kalip.com\/","name":"ERKALIP MAK\u0130NA PLAST\u0130K LTD.\u00a0\u015eT\u0130.","description":"","publisher":{"@id":"https:\/\/www.er-kalip.com\/#organization"},"potentialAction":[{"@type":"SearchAction","target":{"@type":"EntryPoint","urlTemplate":"https:\/\/www.er-kalip.com\/?s={search_term_string}"},"query-input":"required name=search_term_string"}],"inLanguage":"tr"},{"@type":"Organization","@id":"https:\/\/www.er-kalip.com\/#organization","name":"ERKALIP MAK\u0130NA PLAST\u0130K LTD.\u00a0\u015eT\u0130.","url":"https:\/\/www.er-kalip.com\/","logo":{"@type":"ImageObject","inLanguage":"tr","@id":"https:\/\/www.er-kalip.com\/#\/schema\/logo\/image\/","url":"http:\/\/www.er-kalip.com\/wp-content\/uploads\/2022\/12\/erkalip-logo.svg","contentUrl":"http:\/\/www.er-kalip.com\/wp-content\/uploads\/2022\/12\/erkalip-logo.svg","width":83,"height":28,"caption":"ERKALIP MAK\u0130NA PLAST\u0130K LTD.\u00a0\u015eT\u0130."},"image":{"@id":"https:\/\/www.er-kalip.com\/#\/schema\/logo\/image\/"},"sameAs":["https:\/\/www.instagram.com\/erkalip_\/?igshid=YmMyMTA2M2Y","https:\/\/www.youtube.com\/@erkalip"]}]}},"_links":{"self":[{"href":"https:\/\/www.er-kalip.com\/index.php?rest_route=\/wp\/v2\/pages\/23","targetHints":{"allow":["GET"]}}],"collection":[{"href":"https:\/\/www.er-kalip.com\/index.php?rest_route=\/wp\/v2\/pages"}],"about":[{"href":"https:\/\/www.er-kalip.com\/index.php?rest_route=\/wp\/v2\/types\/page"}],"author":[{"embeddable":true,"href":"https:\/\/www.er-kalip.com\/index.php?rest_route=\/wp\/v2\/users\/1"}],"replies":[{"embeddable":true,"href":"https:\/\/www.er-kalip.com\/index.php?rest_route=%2Fwp%2Fv2%2Fcomments&post=23"}],"version-history":[{"count":71,"href":"https:\/\/www.er-kalip.com\/index.php?rest_route=\/wp\/v2\/pages\/23\/revisions"}],"predecessor-version":[{"id":1011,"href":"https:\/\/www.er-kalip.com\/index.php?rest_route=\/wp\/v2\/pages\/23\/revisions\/1011"}],"wp:attachment":[{"href":"https:\/\/www.er-kalip.com\/index.php?rest_route=%2Fwp%2Fv2%2Fmedia&parent=23"}],"curies":[{"name":"wp","href":"https:\/\/api.w.org\/{rel}","templated":true}]}}