{"id":21,"date":"2022-12-19T12:21:41","date_gmt":"2022-12-19T09:21:41","guid":{"rendered":"http:\/\/www.er-kalip.com\/?page_id=21"},"modified":"2023-02-19T22:39:47","modified_gmt":"2023-02-19T19:39:47","slug":"kurumsal","status":"publish","type":"page","link":"https:\/\/www.er-kalip.com\/?page_id=21","title":{"rendered":"Kurumsal"},"content":{"rendered":"\t\t<div data-elementor-type=\"wp-page\" data-elementor-id=\"21\" class=\"elementor elementor-21\">\n\t\t\t\t\t\t\t\t\t<section class=\"has_eae_slider elementor-section elementor-top-section elementor-element elementor-element-b1cdb4d elementor-section-stretched elementor-section-boxed elementor-section-height-default elementor-section-height-default\" data-id=\"b1cdb4d\" data-element_type=\"section\" data-settings=\"{&quot;stretch_section&quot;:&quot;section-stretched&quot;,&quot;background_background&quot;:&quot;classic&quot;}\">\n\t\t\t\t\t\t\t<div class=\"elementor-background-overlay\"><\/div>\n\t\t\t\t\t\t\t<div class=\"elementor-container elementor-column-gap-default\">\n\t\t\t\t\t<div class=\"has_eae_slider elementor-column elementor-col-50 elementor-top-column elementor-element elementor-element-2d7df1d\" data-id=\"2d7df1d\" data-element_type=\"column\">\n\t\t\t<div class=\"elementor-widget-wrap\">\n\t\t\t\t\t\t\t\t\t<\/div>\n\t\t<\/div>\n\t\t\t\t<div class=\"has_eae_slider elementor-column elementor-col-50 elementor-top-column elementor-element elementor-element-02f8493\" data-id=\"02f8493\" data-element_type=\"column\">\n\t\t\t<div class=\"elementor-widget-wrap elementor-element-populated\">\n\t\t\t\t\t\t\t\t<div class=\"elementor-element elementor-element-a1fc4f1 elementor-widget elementor-widget-heading\" data-id=\"a1fc4f1\" data-element_type=\"widget\" data-widget_type=\"heading.default\">\n\t\t\t\t<div class=\"elementor-widget-container\">\n\t\t\t<style>\/*! elementor - v3.6.5 - 27-04-2022 *\/\n.elementor-heading-title{padding:0;margin:0;line-height:1}.elementor-widget-heading .elementor-heading-title[class*=elementor-size-]>a{color:inherit;font-size:inherit;line-height:inherit}.elementor-widget-heading .elementor-heading-title.elementor-size-small{font-size:15px}.elementor-widget-heading .elementor-heading-title.elementor-size-medium{font-size:19px}.elementor-widget-heading .elementor-heading-title.elementor-size-large{font-size:29px}.elementor-widget-heading .elementor-heading-title.elementor-size-xl{font-size:39px}.elementor-widget-heading .elementor-heading-title.elementor-size-xxl{font-size:59px}<\/style><h2 class=\"elementor-heading-title elementor-size-default\">Kurumsal<\/h2>\t\t<\/div>\n\t\t\t\t<\/div>\n\t\t\t\t\t<\/div>\n\t\t<\/div>\n\t\t\t\t\t\t\t<\/div>\n\t\t<\/section>\n\t\t\t\t<section class=\"has_eae_slider elementor-section elementor-top-section elementor-element elementor-element-fec89eb elementor-section-stretched elementor-section-boxed elementor-section-height-default elementor-section-height-default\" data-id=\"fec89eb\" data-element_type=\"section\" data-settings=\"{&quot;stretch_section&quot;:&quot;section-stretched&quot;,&quot;background_background&quot;:&quot;classic&quot;}\">\n\t\t\t\t\t\t\t<div class=\"elementor-background-overlay\"><\/div>\n\t\t\t\t\t\t\t<div class=\"elementor-container elementor-column-gap-default\">\n\t\t\t\t\t<div class=\"has_eae_slider elementor-column elementor-col-50 elementor-top-column elementor-element elementor-element-6251047\" data-id=\"6251047\" data-element_type=\"column\">\n\t\t\t<div class=\"elementor-widget-wrap elementor-element-populated\">\n\t\t\t\t\t\t\t\t<div class=\"elementor-element elementor-element-14b9865 elementor-widget elementor-widget-heading\" data-id=\"14b9865\" data-element_type=\"widget\" data-widget_type=\"heading.default\">\n\t\t\t\t<div class=\"elementor-widget-container\">\n\t\t\t<h2 class=\"elementor-heading-title elementor-size-default\">Biz Kimiz?<\/h2>\t\t<\/div>\n\t\t\t\t<\/div>\n\t\t\t\t<div class=\"elementor-element elementor-element-c97114c elementor-widget elementor-widget-heading\" data-id=\"c97114c\" data-element_type=\"widget\" data-widget_type=\"heading.default\">\n\t\t\t\t<div class=\"elementor-widget-container\">\n\t\t\t<h2 class=\"elementor-heading-title elementor-size-default\">Hakk\u0131m\u0131zda<br>Daha Fazlas\u0131<\/h2>\t\t<\/div>\n\t\t\t\t<\/div>\n\t\t\t\t\t<\/div>\n\t\t<\/div>\n\t\t\t\t<div class=\"has_eae_slider elementor-column elementor-col-50 elementor-top-column elementor-element elementor-element-0a1125f\" data-id=\"0a1125f\" data-element_type=\"column\">\n\t\t\t<div class=\"elementor-widget-wrap elementor-element-populated\">\n\t\t\t\t\t\t\t\t<div class=\"elementor-element elementor-element-35b2f8b elementor-widget elementor-widget-image\" data-id=\"35b2f8b\" data-element_type=\"widget\" data-widget_type=\"image.default\">\n\t\t\t\t<div class=\"elementor-widget-container\">\n\t\t\t<style>\/*! elementor - v3.6.5 - 27-04-2022 *\/\n.elementor-widget-image{text-align:center}.elementor-widget-image a{display:inline-block}.elementor-widget-image a img[src$=\".svg\"]{width:48px}.elementor-widget-image img{vertical-align:middle;display:inline-block}<\/style>\t\t\t\t\t\t\t\t\t\t\t\t<img loading=\"lazy\" decoding=\"async\" width=\"1024\" height=\"569\" src=\"https:\/\/www.er-kalip.com\/wp-content\/uploads\/2023\/02\/kurumsal-1024x569.png\" class=\"attachment-large size-large\" alt=\"\" srcset=\"https:\/\/www.er-kalip.com\/wp-content\/uploads\/2023\/02\/kurumsal-1024x569.png 1024w, https:\/\/www.er-kalip.com\/wp-content\/uploads\/2023\/02\/kurumsal-300x167.png 300w, https:\/\/www.er-kalip.com\/wp-content\/uploads\/2023\/02\/kurumsal-768x426.png 768w, https:\/\/www.er-kalip.com\/wp-content\/uploads\/2023\/02\/kurumsal-1536x853.png 1536w, https:\/\/www.er-kalip.com\/wp-content\/uploads\/2023\/02\/kurumsal.png 1920w\" sizes=\"auto, (max-width: 1024px) 100vw, 1024px\" \/>\t\t\t\t\t\t\t\t\t\t\t\t\t\t\t<\/div>\n\t\t\t\t<\/div>\n\t\t\t\t<div class=\"elementor-element elementor-element-271a0ea elementor-widget elementor-widget-heading\" data-id=\"271a0ea\" data-element_type=\"widget\" data-widget_type=\"heading.default\">\n\t\t\t\t<div class=\"elementor-widget-container\">\n\t\t\t<h2 class=\"elementor-heading-title elementor-size-default\">1998 y\u0131l\u0131nda kurulan \"Er Kal\u0131p\", konusunda yeti\u015fmi\u015f deneyimli kadrosu ve modern\nTesisiyle y\u00fcksek kalitede kal\u0131p \u00fcretiminde gerekli teknik bilgi ve tecr\u00fcbeye sahip lider\nFirmalardan biridir.\n<br><br>\nEr kal\u0131p; en son teknoloji \u00fcr\u00fcn\u00fc cad\/cam dizayn imkanlar\u0131 ve y\u00fcksek hassasiyetli\nTezgahlarla, de\u011fi\u015fime ve insan kaynaklar\u0131na yat\u0131r\u0131m yapmaya devam etmektedir.<\/h2>\t\t<\/div>\n\t\t\t\t<\/div>\n\t\t\t\t<div class=\"elementor-element elementor-element-dc18c1e elementor-widget elementor-widget-heading\" data-id=\"dc18c1e\" data-element_type=\"widget\" data-widget_type=\"heading.default\">\n\t\t\t\t<div class=\"elementor-widget-container\">\n\t\t\t<h2 class=\"elementor-heading-title elementor-size-default\">- Misyonumuz <\/h2>\t\t<\/div>\n\t\t\t\t<\/div>\n\t\t\t\t<div class=\"elementor-element elementor-element-4b9625c elementor-widget elementor-widget-heading\" data-id=\"4b9625c\" data-element_type=\"widget\" data-widget_type=\"heading.default\">\n\t\t\t\t<div class=\"elementor-widget-container\">\n\t\t\t<h2 class=\"elementor-heading-title elementor-size-default\">\u00c7a\u011f\u0131n getirdi\u011fi\u0307 yeniliklere ve teknolojiye ayak uydurarak, kal\u0131p sekt\u00f6r\u00fcn\u00fcn\nLideri\u0307 olmak.<\/h2>\t\t<\/div>\n\t\t\t\t<\/div>\n\t\t\t\t<div class=\"elementor-element elementor-element-7c6326f elementor-widget elementor-widget-heading\" data-id=\"7c6326f\" data-element_type=\"widget\" data-widget_type=\"heading.default\">\n\t\t\t\t<div class=\"elementor-widget-container\">\n\t\t\t<h2 class=\"elementor-heading-title elementor-size-default\">- Vizyonumuz<\/h2>\t\t<\/div>\n\t\t\t\t<\/div>\n\t\t\t\t<div class=\"elementor-element elementor-element-6ffc1b2 elementor-widget elementor-widget-heading\" data-id=\"6ffc1b2\" data-element_type=\"widget\" data-widget_type=\"heading.default\">\n\t\t\t\t<div class=\"elementor-widget-container\">\n\t\t\t<h2 class=\"elementor-heading-title elementor-size-default\">Y\u00fcksek kaliteden \u00f6d\u00fcn vermeden, m\u00fc\u015fterilerimizin taleplerine en uygun\nKal\u0131b\u0131 m\u00fcmk\u00fcn olan en k\u0131sa zamanda \u00fcretmektir.<\/h2>\t\t<\/div>\n\t\t\t\t<\/div>\n\t\t\t\t\t<\/div>\n\t\t<\/div>\n\t\t\t\t\t\t\t<\/div>\n\t\t<\/section>\n\t\t\t\t\t\t\t<\/div>\n\t\t","protected":false},"excerpt":{"rendered":"<p>Kurumsal Biz Kimiz? Hakk\u0131m\u0131zdaDaha Fazlas\u0131 1998 y\u0131l\u0131nda kurulan &#8220;Er Kal\u0131p&#8221;, konusunda yeti\u015fmi\u015f deneyimli kadrosu ve modern Tesisiyle y\u00fcksek kalitede kal\u0131p \u00fcretiminde gerekli teknik bilgi ve tecr\u00fcbeye sahip lider Firmalardan biridir. Er kal\u0131p; en son teknoloji \u00fcr\u00fcn\u00fc cad\/cam dizayn imkanlar\u0131 ve y\u00fcksek hassasiyetli Tezgahlarla, de\u011fi\u015fime ve insan kaynaklar\u0131na yat\u0131r\u0131m yapmaya devam etmektedir. &#8211; Misyonumuz \u00c7a\u011f\u0131n getirdi\u011fi\u0307 &#8230; <a title=\"Kurumsal\" class=\"read-more\" href=\"https:\/\/www.er-kalip.com\/?page_id=21\" aria-label=\"More on Kurumsal\">Devam\u0131n\u0131 oku&#8230;<\/a><\/p>\n","protected":false},"author":1,"featured_media":0,"parent":0,"menu_order":0,"comment_status":"closed","ping_status":"closed","template":"","meta":{"inline_featured_image":false,"footnotes":""},"class_list":["post-21","page","type-page","status-publish"],"yoast_head":"<!-- This site is optimized with the Yoast SEO plugin v20.1 - https:\/\/yoast.com\/wordpress\/plugins\/seo\/ -->\n<title>Kurumsal - Er-Kal\u0131p<\/title>\n<meta name=\"robots\" content=\"index, follow, max-snippet:-1, max-image-preview:large, max-video-preview:-1\" \/>\n<link rel=\"canonical\" href=\"https:\/\/www.er-kalip.com\/?page_id=21\" \/>\n<meta property=\"og:locale\" content=\"tr_TR\" \/>\n<meta property=\"og:type\" content=\"article\" \/>\n<meta property=\"og:title\" content=\"Kurumsal - Er-Kal\u0131p\" \/>\n<meta property=\"og:description\" content=\"Kurumsal Biz Kimiz? Hakk\u0131m\u0131zdaDaha Fazlas\u0131 1998 y\u0131l\u0131nda kurulan &#8220;Er Kal\u0131p&#8221;, konusunda yeti\u015fmi\u015f deneyimli kadrosu ve modern Tesisiyle y\u00fcksek kalitede kal\u0131p \u00fcretiminde gerekli teknik bilgi ve tecr\u00fcbeye sahip lider Firmalardan biridir. Er kal\u0131p; en son teknoloji \u00fcr\u00fcn\u00fc cad\/cam dizayn imkanlar\u0131 ve y\u00fcksek hassasiyetli Tezgahlarla, de\u011fi\u015fime ve insan kaynaklar\u0131na yat\u0131r\u0131m yapmaya devam etmektedir. &#8211; Misyonumuz \u00c7a\u011f\u0131n getirdi\u011fi\u0307 ... Devam\u0131n\u0131 oku...\" \/>\n<meta property=\"og:url\" content=\"https:\/\/www.er-kalip.com\/?page_id=21\" \/>\n<meta property=\"og:site_name\" content=\"Er-Kal\u0131p\" \/>\n<meta property=\"article:modified_time\" content=\"2023-02-19T19:39:47+00:00\" \/>\n<meta property=\"og:image\" content=\"http:\/\/www.er-kalip.com\/wp-content\/uploads\/2023\/02\/kurumsal-1024x569.png\" \/>\n<meta name=\"twitter:card\" content=\"summary_large_image\" \/>\n<meta name=\"twitter:label1\" content=\"Tahmini okuma s\u00fcresi\" \/>\n\t<meta name=\"twitter:data1\" content=\"1 dakika\" \/>\n<script type=\"application\/ld+json\" class=\"yoast-schema-graph\">{\"@context\":\"https:\/\/schema.org\",\"@graph\":[{\"@type\":\"WebPage\",\"@id\":\"https:\/\/www.er-kalip.com\/?page_id=21\",\"url\":\"https:\/\/www.er-kalip.com\/?page_id=21\",\"name\":\"Kurumsal - Er-Kal\u0131p\",\"isPartOf\":{\"@id\":\"https:\/\/www.er-kalip.com\/#website\"},\"datePublished\":\"2022-12-19T09:21:41+00:00\",\"dateModified\":\"2023-02-19T19:39:47+00:00\",\"breadcrumb\":{\"@id\":\"https:\/\/www.er-kalip.com\/?page_id=21#breadcrumb\"},\"inLanguage\":\"tr\",\"potentialAction\":[{\"@type\":\"ReadAction\",\"target\":[\"https:\/\/www.er-kalip.com\/?page_id=21\"]}]},{\"@type\":\"BreadcrumbList\",\"@id\":\"https:\/\/www.er-kalip.com\/?page_id=21#breadcrumb\",\"itemListElement\":[{\"@type\":\"ListItem\",\"position\":1,\"name\":\"Anasayfa\",\"item\":\"https:\/\/www.er-kalip.com\/\"},{\"@type\":\"ListItem\",\"position\":2,\"name\":\"Kurumsal\"}]},{\"@type\":\"WebSite\",\"@id\":\"https:\/\/www.er-kalip.com\/#website\",\"url\":\"https:\/\/www.er-kalip.com\/\",\"name\":\"ERKALIP MAK\u0130NA PLAST\u0130K LTD.\u00a0\u015eT\u0130.\",\"description\":\"\",\"publisher\":{\"@id\":\"https:\/\/www.er-kalip.com\/#organization\"},\"potentialAction\":[{\"@type\":\"SearchAction\",\"target\":{\"@type\":\"EntryPoint\",\"urlTemplate\":\"https:\/\/www.er-kalip.com\/?s={search_term_string}\"},\"query-input\":\"required name=search_term_string\"}],\"inLanguage\":\"tr\"},{\"@type\":\"Organization\",\"@id\":\"https:\/\/www.er-kalip.com\/#organization\",\"name\":\"ERKALIP MAK\u0130NA PLAST\u0130K LTD.\u00a0\u015eT\u0130.\",\"url\":\"https:\/\/www.er-kalip.com\/\",\"logo\":{\"@type\":\"ImageObject\",\"inLanguage\":\"tr\",\"@id\":\"https:\/\/www.er-kalip.com\/#\/schema\/logo\/image\/\",\"url\":\"http:\/\/www.er-kalip.com\/wp-content\/uploads\/2022\/12\/erkalip-logo.svg\",\"contentUrl\":\"http:\/\/www.er-kalip.com\/wp-content\/uploads\/2022\/12\/erkalip-logo.svg\",\"width\":83,\"height\":28,\"caption\":\"ERKALIP MAK\u0130NA PLAST\u0130K LTD.\u00a0\u015eT\u0130.\"},\"image\":{\"@id\":\"https:\/\/www.er-kalip.com\/#\/schema\/logo\/image\/\"},\"sameAs\":[\"https:\/\/www.instagram.com\/erkalip_\/?igshid=YmMyMTA2M2Y\",\"https:\/\/www.youtube.com\/@erkalip\"]}]}<\/script>\n<!-- \/ Yoast SEO plugin. -->","yoast_head_json":{"title":"Kurumsal - Er-Kal\u0131p","robots":{"index":"index","follow":"follow","max-snippet":"max-snippet:-1","max-image-preview":"max-image-preview:large","max-video-preview":"max-video-preview:-1"},"canonical":"https:\/\/www.er-kalip.com\/?page_id=21","og_locale":"tr_TR","og_type":"article","og_title":"Kurumsal - Er-Kal\u0131p","og_description":"Kurumsal Biz Kimiz? Hakk\u0131m\u0131zdaDaha Fazlas\u0131 1998 y\u0131l\u0131nda kurulan &#8220;Er Kal\u0131p&#8221;, konusunda yeti\u015fmi\u015f deneyimli kadrosu ve modern Tesisiyle y\u00fcksek kalitede kal\u0131p \u00fcretiminde gerekli teknik bilgi ve tecr\u00fcbeye sahip lider Firmalardan biridir. Er kal\u0131p; en son teknoloji \u00fcr\u00fcn\u00fc cad\/cam dizayn imkanlar\u0131 ve y\u00fcksek hassasiyetli Tezgahlarla, de\u011fi\u015fime ve insan kaynaklar\u0131na yat\u0131r\u0131m yapmaya devam etmektedir. &#8211; Misyonumuz \u00c7a\u011f\u0131n getirdi\u011fi\u0307 ... Devam\u0131n\u0131 oku...","og_url":"https:\/\/www.er-kalip.com\/?page_id=21","og_site_name":"Er-Kal\u0131p","article_modified_time":"2023-02-19T19:39:47+00:00","og_image":[{"url":"http:\/\/www.er-kalip.com\/wp-content\/uploads\/2023\/02\/kurumsal-1024x569.png"}],"twitter_card":"summary_large_image","twitter_misc":{"Tahmini okuma s\u00fcresi":"1 dakika"},"schema":{"@context":"https:\/\/schema.org","@graph":[{"@type":"WebPage","@id":"https:\/\/www.er-kalip.com\/?page_id=21","url":"https:\/\/www.er-kalip.com\/?page_id=21","name":"Kurumsal - Er-Kal\u0131p","isPartOf":{"@id":"https:\/\/www.er-kalip.com\/#website"},"datePublished":"2022-12-19T09:21:41+00:00","dateModified":"2023-02-19T19:39:47+00:00","breadcrumb":{"@id":"https:\/\/www.er-kalip.com\/?page_id=21#breadcrumb"},"inLanguage":"tr","potentialAction":[{"@type":"ReadAction","target":["https:\/\/www.er-kalip.com\/?page_id=21"]}]},{"@type":"BreadcrumbList","@id":"https:\/\/www.er-kalip.com\/?page_id=21#breadcrumb","itemListElement":[{"@type":"ListItem","position":1,"name":"Anasayfa","item":"https:\/\/www.er-kalip.com\/"},{"@type":"ListItem","position":2,"name":"Kurumsal"}]},{"@type":"WebSite","@id":"https:\/\/www.er-kalip.com\/#website","url":"https:\/\/www.er-kalip.com\/","name":"ERKALIP MAK\u0130NA PLAST\u0130K LTD.\u00a0\u015eT\u0130.","description":"","publisher":{"@id":"https:\/\/www.er-kalip.com\/#organization"},"potentialAction":[{"@type":"SearchAction","target":{"@type":"EntryPoint","urlTemplate":"https:\/\/www.er-kalip.com\/?s={search_term_string}"},"query-input":"required name=search_term_string"}],"inLanguage":"tr"},{"@type":"Organization","@id":"https:\/\/www.er-kalip.com\/#organization","name":"ERKALIP MAK\u0130NA PLAST\u0130K LTD.\u00a0\u015eT\u0130.","url":"https:\/\/www.er-kalip.com\/","logo":{"@type":"ImageObject","inLanguage":"tr","@id":"https:\/\/www.er-kalip.com\/#\/schema\/logo\/image\/","url":"http:\/\/www.er-kalip.com\/wp-content\/uploads\/2022\/12\/erkalip-logo.svg","contentUrl":"http:\/\/www.er-kalip.com\/wp-content\/uploads\/2022\/12\/erkalip-logo.svg","width":83,"height":28,"caption":"ERKALIP MAK\u0130NA PLAST\u0130K LTD.\u00a0\u015eT\u0130."},"image":{"@id":"https:\/\/www.er-kalip.com\/#\/schema\/logo\/image\/"},"sameAs":["https:\/\/www.instagram.com\/erkalip_\/?igshid=YmMyMTA2M2Y","https:\/\/www.youtube.com\/@erkalip"]}]}},"_links":{"self":[{"href":"https:\/\/www.er-kalip.com\/index.php?rest_route=\/wp\/v2\/pages\/21","targetHints":{"allow":["GET"]}}],"collection":[{"href":"https:\/\/www.er-kalip.com\/index.php?rest_route=\/wp\/v2\/pages"}],"about":[{"href":"https:\/\/www.er-kalip.com\/index.php?rest_route=\/wp\/v2\/types\/page"}],"author":[{"embeddable":true,"href":"https:\/\/www.er-kalip.com\/index.php?rest_route=\/wp\/v2\/users\/1"}],"replies":[{"embeddable":true,"href":"https:\/\/www.er-kalip.com\/index.php?rest_route=%2Fwp%2Fv2%2Fcomments&post=21"}],"version-history":[{"count":34,"href":"https:\/\/www.er-kalip.com\/index.php?rest_route=\/wp\/v2\/pages\/21\/revisions"}],"predecessor-version":[{"id":825,"href":"https:\/\/www.er-kalip.com\/index.php?rest_route=\/wp\/v2\/pages\/21\/revisions\/825"}],"wp:attachment":[{"href":"https:\/\/www.er-kalip.com\/index.php?rest_route=%2Fwp%2Fv2%2Fmedia&parent=21"}],"curies":[{"name":"wp","href":"https:\/\/api.w.org\/{rel}","templated":true}]}}